{"id":98,"date":"2017-09-25T14:57:22","date_gmt":"2017-09-25T14:57:22","guid":{"rendered":"http:\/\/astrid.dadaserver.net\/?page_id=98"},"modified":"2026-01-05T12:12:38","modified_gmt":"2026-01-05T12:12:38","slug":"biography","status":"publish","type":"page","link":"https:\/\/www.astrid-hofstaetter.at\/en\/biography\/","title":{"rendered":"Biography"},"content":{"rendered":"\n<figure class=\"wp-block-table is-style-tw-border-h\"><table><tbody><tr><td>1967<\/td><td>born in Innsbruck, AT<br>grew up in Lower Austria<\/td><\/tr><tr><td>1986 \u2013 91<\/td><td>Academy of Fine Arts, Vienna<br>(Masterclass Prachensky)<\/td><\/tr><tr><td>1994 \u2013 99<\/td><td>Academy of Film and Television, Vienna<\/td><\/tr><tr><td><\/td><td>lives in Vienna and Lower Austria<\/td><\/tr><\/tbody><\/table><\/figure>\n\n\n\n<h2 class=\"wp-block-heading\"><strong>Exhibitions<\/strong><\/h2>\n\n\n\n<figure class=\"wp-block-table is-style-tw-border-h\"><table><tbody><tr><td>1996<\/td><td class=\"has-text-align-left\" data-align=\"left\">Otto Wagner Pavillon, Wien <br>Galerie Kultur Mitte, Krems, N\u00f6<\/td><\/tr><tr><td>1997<\/td><td class=\"has-text-align-left\" data-align=\"left\">Galerie station 3, Wien<\/td><\/tr><tr><td>1998                                   <\/td><td class=\"has-text-align-left\" data-align=\"left\">Galerie Gabriel, Wien<\/td><\/tr><tr><td>1999<\/td><td class=\"has-text-align-left\" data-align=\"left\">Galerie Christine Ernst, Wien<br>Museum Moderne Kunst Gy\u00f6r, H<br>Kunstmuseum Bratislava, SLK<\/td><\/tr><tr><td>2000<\/td><td class=\"has-text-align-left\" data-align=\"left\">Galerie Ariadne, Wien<br>DOK, St. P\u00f6lten, N\u00d6<\/td><\/tr><tr><td>2001<\/td><td class=\"has-text-align-left\" data-align=\"left\">Galerie Tiller &#038; Ernst, Wien<br>Festival Montmartre, Paris, F<\/td><\/tr><tr><td>2002<\/td><td class=\"has-text-align-left\" data-align=\"left\">Galerie Wolfrum, Wien<\/td><\/tr><tr><td>2003<\/td><td class=\"has-text-align-left\" data-align=\"left\">Galerie Fine Arts, Wien<\/td><\/tr><tr><td>2005<\/td><td class=\"has-text-align-left\" data-align=\"left\">Galerie Corinna Steiner, Wien<br>Badeschluss Plank, N\u00d6<\/td><\/tr><tr><td>2006<\/td><td class=\"has-text-align-left\" data-align=\"left\">Galerie mel contemporary, Wien<\/td><\/tr><tr><td>2007<\/td><td class=\"has-text-align-left\" data-align=\"left\">Galerie Christine Ernst, Wien<br>Art Fair Prague, CS<br>Forum Schloss Wolkersdorf, N\u00f6<br>Art Fair Beijing, China<\/td><\/tr><tr><td>2008<\/td><td class=\"has-text-align-left\" data-align=\"left\">Galerie mel contemporary, Wien<br>Alte Schmiede Sch\u00f6nberg am Kamp, N\u00f6<br>Galerie Christine Ernst, Wien<\/td><\/tr><tr><td>2009<\/td><td class=\"has-text-align-left\" data-align=\"left\">Galerie Bezirkshauptmannschaft Melk, N\u00f6<\/td><\/tr><tr><td>2010<\/td><td class=\"has-text-align-left\" data-align=\"left\">Galerie Christine Ernst, Wien<br>Galerie Kunst Afrika, Essen, D<\/td><\/tr><tr><td>2011<\/td><td class=\"has-text-align-left\" data-align=\"left\">Alte Schmiede, Sch\u00f6nberg am Kamp, N\u00f6<br>Malerei zu A. Okopenkos \u201eSterbebett mit Pappendeckel\u201c, Spielraum Wien<\/td><\/tr><tr><td>2012<\/td><td class=\"has-text-align-left\" data-align=\"left\">Schloss Heiligenkreuz, N\u00f6<br>Galerie Wolfrum, Wien<\/td><\/tr><tr><td>2013<\/td><td class=\"has-text-align-left\" data-align=\"left\">Galerie im Loisium Langenlois, N\u00f6<\/td><\/tr><tr><td>2014<\/td><td class=\"has-text-align-left\" data-align=\"left\">Galerie Christine Ernst, Wien<br>raumgreifend, Museum Krems, N\u00f6<br>Alte Schmiede, Sch\u00f6nberg am Kamp, N\u00f6<\/td><\/tr><tr><td>2015<\/td><td class=\"has-text-align-left\" data-align=\"left\">Lepl State Museum of Art, Batumi, GE<\/td><\/tr><tr><td>2016<\/td><td class=\"has-text-align-left\" data-align=\"left\">Museum im Hellerhof\/Stift G\u00f6ttweig, N\u00f6<br>Aktionen raumgreifend zur \u201eKremser Hasenjagd\u201c 1945, Donauufer Mautern, N\u00f6<\/td><\/tr><tr><td>2017<\/td><td class=\"has-text-align-left\" data-align=\"left\">Galerie Konzerthaus Ziersdorf, N\u00f6<br>Zeitbr\u00fccke-Museum Gars, N\u00f6<\/td><\/tr><tr><td>2018<\/td><td class=\"has-text-align-left\" data-align=\"left\">Galerie Daliko, Krems, N\u00f6<\/td><\/tr><tr><td>2019<\/td><td class=\"has-text-align-left\" data-align=\"left\">Galerie Br\u00e4ugasse Passau, D<\/td><\/tr><tr><td>2021<\/td><td class=\"has-text-align-left\" data-align=\"left\">International Graphics, NUAU, Kharkov, Ukraine<br>Pandoras Box, GE mit raumgreifend, DOK St. P\u00f6lten<br>\u00d6sterreichische und italienische Malerei, Batumi Art Museum, Georgien<br>Pandoras Box, GE, Schloss Ulmerfeld, N\u00f6<\/td><\/tr><tr><td>2022<\/td><td class=\"has-text-align-left\" data-align=\"left\">Kunst hilft, GE, kuratiert von Carl Aigner, Dinstlsaal, Krems<br>Hoffnung und Zeitmaschine, Galerie Breyer, Baden<br>Adventfenster, GE, Galerie artdepot, Innsbruck<\/td><\/tr><tr><td>2023<\/td><td class=\"has-text-align-left\" data-align=\"left\">Zwischen-Raum, GE, Galerie Volary, Tschechien<br>Pop-Up im Waschsalon, Langenlois, N\u00f6<\/td><\/tr><tr><td>2024<\/td><td class=\"has-text-align-left\" data-align=\"left\">water, GE mit raumgreifend<strong>,<\/strong> DOK<br>Dokumentationszentrum f\u00fcr mod. Kunst, St. P\u00f6lten<br>Wei\u00dfe Flecken von Krems, GE, Galerie Daliko, Krems a.D.<br>discovery art fair frankfurt, Frankfurt am Main<\/td><\/tr><tr><td>2025<\/td><td class=\"has-text-align-left\" data-align=\"left\">Cloud, GE mit raumgreifend, DOK<br>Dokumentationszentrum moderne Kunst, St. P\u00f6lten<br>Identity, GE, Associazione Culturale Italo-Tedesca,<br>Palazzo Albrizzi-Capello, Venecia<\/td><\/tr><\/tbody><\/table><\/figure>\n\n\n\n<p><\/p>\n\n\n\n<p>Represented in the collections:<br>Artothek des Bundesministeriums, Bank Austria, Landesmuseum Nieder\u00f6sterreich<br><br><br><\/p>\n\n\n\n<p class=\"has-medium-font-size\" style=\"line-height:1\">Available Katalogues:<\/p>\n\n\n\n<div class=\"wp-block-columns is-layout-flex wp-container-core-columns-is-layout-d0b3c9c8 wp-block-columns-is-layout-flex\">\n<div class=\"wp-block-column is-layout-flow wp-block-column-is-layout-flow\" style=\"--col-width:33.33%;flex-basis:33.33%\">\n<figure class=\"wp-block-image size-medium is-resized\"><a href=\"https:\/\/www.astrid-hofstaetter.at\/wp-content\/uploads\/2023\/05\/Katalog-1998.jpg\"><img loading=\"lazy\" decoding=\"async\" width=\"400\" height=\"376\" src=\"https:\/\/www.astrid-hofstaetter.at\/wp-content\/uploads\/2023\/05\/Katalog-1998-400x376.jpg\" alt=\"\" class=\"wp-image-1136\" style=\"width:206px;height:193px\" srcset=\"https:\/\/www.astrid-hofstaetter.at\/wp-content\/uploads\/2023\/05\/Katalog-1998-400x376.jpg 400w, https:\/\/www.astrid-hofstaetter.at\/wp-content\/uploads\/2023\/05\/Katalog-1998-1089x1024.jpg 1089w, https:\/\/www.astrid-hofstaetter.at\/wp-content\/uploads\/2023\/05\/Katalog-1998-250x235.jpg 250w, https:\/\/www.astrid-hofstaetter.at\/wp-content\/uploads\/2023\/05\/Katalog-1998-768x722.jpg 768w, https:\/\/www.astrid-hofstaetter.at\/wp-content\/uploads\/2023\/05\/Katalog-1998-1536x1444.jpg 1536w, https:\/\/www.astrid-hofstaetter.at\/wp-content\/uploads\/2023\/05\/Katalog-1998-1568x1474.jpg 1568w, https:\/\/www.astrid-hofstaetter.at\/wp-content\/uploads\/2023\/05\/Katalog-1998.jpg 1700w\" sizes=\"auto, (max-width: 400px) 100vw, 400px\" \/><\/a><\/figure>\n<\/div>\n\n\n\n<div class=\"wp-block-column is-layout-flow wp-block-column-is-layout-flow\" style=\"--col-width:66.66%;flex-basis:66.66%\">\n<p>1997\/98, 40 pages, with text from Burghart Schmidt<\/p>\n<\/div>\n<\/div>\n\n\n\n<div class=\"wp-block-columns is-layout-flex wp-container-core-columns-is-layout-d0b3c9c8 wp-block-columns-is-layout-flex\">\n<div class=\"wp-block-column is-layout-flow wp-block-column-is-layout-flow\" style=\"--col-width:33.33%;flex-basis:33.33%\">\n<figure class=\"wp-block-image size-large\"><a href=\"https:\/\/www.astrid-hofstaetter.at\/wp-content\/uploads\/2023\/05\/Katalog-2007.jpg\"><img loading=\"lazy\" decoding=\"async\" width=\"1140\" height=\"820\" src=\"https:\/\/www.astrid-hofstaetter.at\/wp-content\/uploads\/2023\/05\/Katalog-2007-1140x820.jpg\" alt=\"\" class=\"wp-image-1145\" srcset=\"https:\/\/www.astrid-hofstaetter.at\/wp-content\/uploads\/2023\/05\/Katalog-2007-1140x820.jpg 1140w, https:\/\/www.astrid-hofstaetter.at\/wp-content\/uploads\/2023\/05\/Katalog-2007-400x288.jpg 400w, https:\/\/www.astrid-hofstaetter.at\/wp-content\/uploads\/2023\/05\/Katalog-2007-250x180.jpg 250w, https:\/\/www.astrid-hofstaetter.at\/wp-content\/uploads\/2023\/05\/Katalog-2007-768x552.jpg 768w, https:\/\/www.astrid-hofstaetter.at\/wp-content\/uploads\/2023\/05\/Katalog-2007-1536x1104.jpg 1536w, https:\/\/www.astrid-hofstaetter.at\/wp-content\/uploads\/2023\/05\/Katalog-2007-1568x1127.jpg 1568w, https:\/\/www.astrid-hofstaetter.at\/wp-content\/uploads\/2023\/05\/Katalog-2007.jpg 2000w\" sizes=\"auto, (max-width: 1140px) 100vw, 1140px\" \/><\/a><\/figure>\n<\/div>\n\n\n\n<div class=\"wp-block-column is-layout-flow wp-block-column-is-layout-flow\" style=\"--col-width:66.66%;flex-basis:66.66%\">\n<p>2007, 44 pages, with text from Wolfgang Denk, Reinhold Sturm, Sonja Traar<\/p>\n<\/div>\n<\/div>\n\n\n\n<div class=\"wp-block-columns is-layout-flex wp-container-core-columns-is-layout-d0b3c9c8 wp-block-columns-is-layout-flex\">\n<div class=\"wp-block-column is-layout-flow wp-block-column-is-layout-flow\" style=\"--col-width:33.33%;flex-basis:33.33%\">\n<figure class=\"wp-block-image size-large\"><a href=\"https:\/\/www.astrid-hofstaetter.at\/wp-content\/uploads\/2023\/05\/Katalog-2020.jpg\"><img loading=\"lazy\" decoding=\"async\" width=\"1140\" height=\"816\" src=\"https:\/\/www.astrid-hofstaetter.at\/wp-content\/uploads\/2023\/05\/Katalog-2020-1140x816.jpg\" alt=\"\" class=\"wp-image-1146\" srcset=\"https:\/\/www.astrid-hofstaetter.at\/wp-content\/uploads\/2023\/05\/Katalog-2020-1140x816.jpg 1140w, https:\/\/www.astrid-hofstaetter.at\/wp-content\/uploads\/2023\/05\/Katalog-2020-400x286.jpg 400w, https:\/\/www.astrid-hofstaetter.at\/wp-content\/uploads\/2023\/05\/Katalog-2020-250x179.jpg 250w, https:\/\/www.astrid-hofstaetter.at\/wp-content\/uploads\/2023\/05\/Katalog-2020-768x550.jpg 768w, https:\/\/www.astrid-hofstaetter.at\/wp-content\/uploads\/2023\/05\/Katalog-2020-1536x1100.jpg 1536w, https:\/\/www.astrid-hofstaetter.at\/wp-content\/uploads\/2023\/05\/Katalog-2020-1568x1123.jpg 1568w, https:\/\/www.astrid-hofstaetter.at\/wp-content\/uploads\/2023\/05\/Katalog-2020.jpg 2000w\" sizes=\"auto, (max-width: 1140px) 100vw, 1140px\" \/><\/a><\/figure>\n<\/div>\n\n\n\n<div class=\"wp-block-column is-layout-flow wp-block-column-is-layout-flow\" style=\"--col-width:66.66%;flex-basis:66.66%\">\n<p>2021, 86 pages, with text from Peter Patzak und Carl Aigner<\/p>\n<\/div>\n<\/div>\n","protected":false},"excerpt":{"rendered":"<p>1967 born in Innsbruck, ATgrew up in Lower Austria 1986 \u2013 91 Academy of Fine Arts, Vienna(Masterclass Prachensky) 1994 \u2013 99 Academy of Film and Television, Vienna lives in Vienna and Lower Austria Exhibitions 1996 Otto Wagner Pavillon, Wien Galerie Kultur Mitte, Krems, N\u00f6 1997 Galerie station 3, Wien 1998 Galerie Gabriel, Wien 1999 Galerie&hellip; <a class=\"more-link\" href=\"https:\/\/www.astrid-hofstaetter.at\/en\/biography\/\">Continue reading <span class=\"screen-reader-text\">Biography<\/span><\/a><\/p>\n","protected":false},"author":2,"featured_media":0,"parent":0,"menu_order":4,"comment_status":"closed","ping_status":"closed","template":"","meta":{"pgc_sgb_lightbox_settings":"","footnotes":""},"class_list":["post-98","page","type-page","status-publish","hentry","entry"],"_links":{"self":[{"href":"https:\/\/www.astrid-hofstaetter.at\/en\/wp-json\/wp\/v2\/pages\/98","targetHints":{"allow":["GET"]}}],"collection":[{"href":"https:\/\/www.astrid-hofstaetter.at\/en\/wp-json\/wp\/v2\/pages"}],"about":[{"href":"https:\/\/www.astrid-hofstaetter.at\/en\/wp-json\/wp\/v2\/types\/page"}],"author":[{"embeddable":true,"href":"https:\/\/www.astrid-hofstaetter.at\/en\/wp-json\/wp\/v2\/users\/2"}],"replies":[{"embeddable":true,"href":"https:\/\/www.astrid-hofstaetter.at\/en\/wp-json\/wp\/v2\/comments?post=98"}],"version-history":[{"count":104,"href":"https:\/\/www.astrid-hofstaetter.at\/en\/wp-json\/wp\/v2\/pages\/98\/revisions"}],"predecessor-version":[{"id":1433,"href":"https:\/\/www.astrid-hofstaetter.at\/en\/wp-json\/wp\/v2\/pages\/98\/revisions\/1433"}],"wp:attachment":[{"href":"https:\/\/www.astrid-hofstaetter.at\/en\/wp-json\/wp\/v2\/media?parent=98"}],"curies":[{"name":"wp","href":"https:\/\/api.w.org\/{rel}","templated":true}]}}